{"id":41116,"date":"2015-10-22T09:39:50","date_gmt":"2015-10-22T09:39:50","guid":{"rendered":"https:\/\/www.urikoa.com\/eu\/?page_id=41116"},"modified":"2015-10-22T09:39:50","modified_gmt":"2015-10-22T09:39:50","slug":"legezko-oharra","status":"publish","type":"page","link":"https:\/\/www.urikoa.com\/eu\/legezko-oharra\/","title":{"rendered":"Legezko Oharra"},"content":{"rendered":"<p style=\"text-align: justify;\">Casa Rural con n\u00famero de identificaci\u00f3n en el registro de empresas tur\u00edsticas xBi 106<\/p>\n<p style=\"text-align: justify;\">La persona titular de la p\u00e1gina web es\u00a0Egoitz Artetxe Urrutia\u00a0con domicilio social en la Barrio Olarra n\u00ba2, 48140 Arantzazu\u00a0(Bizkaia). N.I.F. 45665677M, tel\u00e9fono 662589821, Email: info@urikoa.com. En adelante se referir\u00e1 a Casa Rural Urikoa para hacer referencia a la titularidad de la web.<\/p>\n<p style=\"text-align: justify;\">Uso de la p\u00e1gina y portal web<\/p>\n<p style=\"text-align: justify;\">Al acceder, navegar y usar la web de www.urikoa.com\u00a0el usuario acepta las condiciones de uso y se compromete a revisarlas por si pudiera darse alg\u00fan cambio en las mismas.<\/p>\n<p style=\"text-align: justify;\">www.urikoa.com proporciona el acceso a multitud de informaciones, servicios, programas o datos (de aqu\u00ed en adelante, \u201clos contenidos\u201d) en Internet pertenecientes a www.urikoa.com El usuario asume toda responsabilidad del uso del sitio web. Dicha responsabilidad se extiende al registro que fuese necesario para acceder a determinados servicios o contenidos. En dicho registro el usuario ser\u00e1 responsable de aportar informaci\u00f3n veraz y l\u00edcita. Como consecuencia de este registro, al usuario se le puede proporcionar una contrase\u00f1a de la que ser\u00e1 responsable, comprometi\u00e9ndose a hacer un uso diligente y confidencial de la misma.<\/p>\n<p style=\"text-align: justify;\">Cookies<\/p>\n<p style=\"text-align: justify;\">Esta p\u00e1gina web utiliza tecnolog\u00eda \u201ccookies\u201d.<\/p>\n<p style=\"text-align: justify;\">Descripci\u00f3n: Las cookies constituyen una herramienta empleada por los servidores web para almacenar y recuperar informaci\u00f3n acerca de sus visitantes. No es m\u00e1s que un fichero de texto que algunos servidores piden a nuestro navegador que escriba en nuestro disco duro, con informaci\u00f3n acerca de lo que hemos estado visitando por dichas p\u00e1ginas. Poseen una fecha de caducidad, que puede oscilar desde el tiempo que dure la sesi\u00f3n hasta una fecha futura especificada, a partir de la cual dejan de ser operativas. www.urikoa.com utiliza cookies para facilitar la navegaci\u00f3n por dicho Portal y para obtener una mayor eficacia y personalizaci\u00f3n de los servicios ofrecidos a los Usuarios. Las cookies empleadas en www.urikoa.com se asocian \u00fanicamente con un Usuario an\u00f3nimo y su ordenador, no proporcionan referencias que permitan deducir el nombre y apellidos del Usuario y no pueden leer datos de su disco duro ni incluir virus en sus equipos. Asimismo, www.urikoa.com no puede leer las cookies implantadas en el disco duro del Usuario desde otros servidores.<\/p>\n<p style=\"text-align: justify;\">El usuario puede libremente decidir acerca de la implantaci\u00f3n o no en su disco duro de las cookies empleadas en www.urikoa.com. En este sentido, el usuario puede configurar su navegador para aceptar o rechazar por defecto todas las cookies o para recibir un aviso en pantalla de la recepci\u00f3n de cada cookie y decidir en ese momento su implantaci\u00f3n o no en su disco duro. Para ello, le sugerimos consultar la secci\u00f3n de ayuda de su navegador para saber c\u00f3mo cambiar la configuraci\u00f3n que actualmente emplea. Aun cuando el Usuario configurase su navegador para rechazar todas las cookies o rechazase expresamente las cookies de www.urikoa.com, podr\u00e1 navegar por el Portal con el \u00fanico inconveniente de no poder disfrutar de las funcionalidades del Portal que requieran la instalaci\u00f3n de alguna de ellas. En cualquier caso, el Usuario podr\u00e1 eliminar las cookies de www.urikoa.com implantadas en su disco duro en cualquier momento, siguiendo el procedimiento establecido en la secci\u00f3n de ayuda de su navegador.<\/p>\n<p style=\"text-align: justify;\">Propiedad Intelectual<\/p>\n<p style=\"text-align: justify;\">Todas las marcas, nombres comerciales o signos distintivos de cualquier clase que aparecen en la p\u00e1gina son propiedad de Casa Rural Urikoa\u00a0o, en su caso, de terceros que han autorizado su uso, sin que pueda entenderse que el uso o acceso al Portal y\/o a los Contenidos atribuya al Usuario derecho alguno sobre las citadas marcas, nombres comerciales y\/o signos distintivos, y sin que puedan entenderse cedidos al Usuario, ninguno de los derechos de explotaci\u00f3n que existen o puedan existir sobre dichos contenidos. Y no entiende cedidos ni se autoriza su utilizaci\u00f3n, en ning\u00fan caso, a los usuarios de la P\u00e1gina salvo que se obtengan dichos derechos por escrito del leg\u00edtimo titular de los mismos.<\/p>\n<p style=\"text-align: justify;\">Exclusi\u00f3n de garant\u00edas y responsabilidad<\/p>\n<p style=\"text-align: justify;\">Casa Rural Urikoa\u00a0no se hace responsable, en ning\u00fan caso, de los da\u00f1os y perjuicios de cualquier naturaleza que pudieran ocasionar, a t\u00edtulo enunciativo: errores u omisiones en los contenidos, falta de disponibilidad del portal o la transmisi\u00f3n de virus o programas maliciosos o lesivos en los contenidos, a pesar de haber adoptado todas las medidas tecnol\u00f3gicas necesarias para evitarlo.<\/p>\n<p style=\"text-align: justify;\">Enlaces<\/p>\n<p style=\"text-align: justify;\">En el caso de que en Casa Rural Urikoa\u00a0se dispusiesen enlaces o hiperv\u00ednculos a otros sitios de Internet, Casa Rural Urikoa\u00a0no ejercer\u00e1 ning\u00fan tipo de control sobre dichos sitios y contenidos. En ning\u00fan caso Casa Rural Urikoa\u00a0asumir\u00e1 responsabilidad alguna por los contenidos de alg\u00fan enlace perteneciente a un sitio web ajeno, ni garantizar\u00e1 la disponibilidad t\u00e9cnica, calidad, fiabilidad, exactitud, amplitud, veracidad, validez y constitucionalidad de cualquier material o informaci\u00f3n contenida en ninguno de dichos hiperv\u00ednculos u otros sitios de internet.<\/p>\n","protected":false},"excerpt":{"rendered":"<p>Casa Rural con n\u00famero de identificaci\u00f3n en el registro de empresas tur\u00edsticas xBi 106 La persona titular de la p\u00e1gina web es\u00a0Egoitz Artetxe Urrutia\u00a0con domicilio social en la Barrio Olarra n\u00ba2, 48140 Arantzazu\u00a0(Bizkaia). N.I.F. 45665677M, tel\u00e9fono 662589821, Email: info@urikoa.com. En adelante se referir\u00e1 a Casa&#8230;<\/p>\n","protected":false},"author":2,"featured_media":0,"parent":0,"menu_order":0,"comment_status":"closed","ping_status":"open","template":"","meta":{"footnotes":""},"jetpack_sharing_enabled":true,"_links":{"self":[{"href":"https:\/\/www.urikoa.com\/eu\/wp-json\/wp\/v2\/pages\/41116"}],"collection":[{"href":"https:\/\/www.urikoa.com\/eu\/wp-json\/wp\/v2\/pages"}],"about":[{"href":"https:\/\/www.urikoa.com\/eu\/wp-json\/wp\/v2\/types\/page"}],"author":[{"embeddable":true,"href":"https:\/\/www.urikoa.com\/eu\/wp-json\/wp\/v2\/users\/2"}],"replies":[{"embeddable":true,"href":"https:\/\/www.urikoa.com\/eu\/wp-json\/wp\/v2\/comments?post=41116"}],"version-history":[{"count":1,"href":"https:\/\/www.urikoa.com\/eu\/wp-json\/wp\/v2\/pages\/41116\/revisions"}],"predecessor-version":[{"id":41117,"href":"https:\/\/www.urikoa.com\/eu\/wp-json\/wp\/v2\/pages\/41116\/revisions\/41117"}],"wp:attachment":[{"href":"https:\/\/www.urikoa.com\/eu\/wp-json\/wp\/v2\/media?parent=41116"}],"curies":[{"name":"wp","href":"https:\/\/api.w.org\/{rel}","templated":true}]}}